{"id":38,"date":"2025-03-26T17:23:51","date_gmt":"2025-03-26T16:23:51","guid":{"rendered":"https:\/\/speakerevent-erasmus.schuelerunion.at\/?page_id=38"},"modified":"2025-05-10T17:40:38","modified_gmt":"2025-05-10T15:40:38","slug":"startseite","status":"publish","type":"page","link":"https:\/\/speakerevent-erasmus.schuelerunion.at\/startseite\/","title":{"rendered":"Startseite"},"content":{"rendered":"\t\t<div data-elementor-type=\"wp-page\" data-elementor-id=\"38\" class=\"elementor elementor-38\">\n\t\t\t\t<div class=\"elementor-element elementor-element-0d76e24 e-flex e-con-boxed wpr-particle-no wpr-jarallax-no wpr-parallax-no wpr-sticky-section-no e-con e-parent\" data-id=\"0d76e24\" data-element_type=\"container\">\n\t\t\t\t\t<div class=\"e-con-inner\">\n\t\t\t\t<div class=\"elementor-element elementor-element-3eb5617 elementor-widget elementor-widget-image\" data-id=\"3eb5617\" data-element_type=\"widget\" data-widget_type=\"image.default\">\n\t\t\t\t<div class=\"elementor-widget-container\">\n\t\t\t\t\t\t\t\t\t\t\t\t\t\t\t<img fetchpriority=\"high\" decoding=\"async\" width=\"2560\" height=\"1440\" src=\"https:\/\/speakerevent-erasmus.schuelerunion.at\/wp-content\/uploads\/2025\/04\/Design-ohne-Titel-4-scaled.jpg\" class=\"attachment-full size-full wp-image-114\" alt=\"\" srcset=\"https:\/\/speakerevent-erasmus.schuelerunion.at\/wp-content\/uploads\/2025\/04\/Design-ohne-Titel-4-scaled.jpg 2560w, https:\/\/speakerevent-erasmus.schuelerunion.at\/wp-content\/uploads\/2025\/04\/Design-ohne-Titel-4-300x169.jpg 300w, https:\/\/speakerevent-erasmus.schuelerunion.at\/wp-content\/uploads\/2025\/04\/Design-ohne-Titel-4-1024x576.jpg 1024w, https:\/\/speakerevent-erasmus.schuelerunion.at\/wp-content\/uploads\/2025\/04\/Design-ohne-Titel-4-768x432.jpg 768w, https:\/\/speakerevent-erasmus.schuelerunion.at\/wp-content\/uploads\/2025\/04\/Design-ohne-Titel-4-1536x864.jpg 1536w, https:\/\/speakerevent-erasmus.schuelerunion.at\/wp-content\/uploads\/2025\/04\/Design-ohne-Titel-4-2048x1152.jpg 2048w\" sizes=\"(max-width: 2560px) 100vw, 2560px\" \/>\t\t\t\t\t\t\t\t\t\t\t\t\t\t\t<\/div>\n\t\t\t\t<\/div>\n\t\t\t\t\t<\/div>\n\t\t\t\t<\/div>\n\t\t<div class=\"elementor-element elementor-element-2b75f85 e-flex e-con-boxed wpr-particle-no wpr-jarallax-no wpr-parallax-no wpr-sticky-section-no e-con e-parent\" data-id=\"2b75f85\" data-element_type=\"container\">\n\t\t\t\t\t<div class=\"e-con-inner\">\n\t\t\t\t<div class=\"elementor-element elementor-element-5447a8e elementor-widget elementor-widget-heading\" data-id=\"5447a8e\" data-element_type=\"widget\" data-widget_type=\"heading.default\">\n\t\t\t\t<div class=\"elementor-widget-container\">\n\t\t\t\t\t<h2 class=\"elementor-heading-title elementor-size-default\">Speaker-Event der Sch\u00fclerunion \u00d6sterreich \u2013 Deine Zukunft in Europa<\/h2>\t\t\t\t<\/div>\n\t\t\t\t<\/div>\n\t\t\t\t<div class=\"elementor-element elementor-element-0b07a8f elementor-widget elementor-widget-text-editor\" data-id=\"0b07a8f\" data-element_type=\"widget\" data-widget_type=\"text-editor.default\">\n\t\t\t\t<div class=\"elementor-widget-container\">\n\t\t\t\t\t\t\t\t\t<p class=\"\" data-start=\"187\" data-end=\"563\">Am <strong data-start=\"190\" data-end=\"201\">09. Mai<\/strong> l\u00e4dt die <strong data-start=\"211\" data-end=\"238\">Sch\u00fclerunion \u00d6sterreich<\/strong> zu einem besonderen Speaker-Event ein, das ganz im Zeichen der <strong data-start=\"302\" data-end=\"360\">Chancen f\u00fcr Jugendliche und junge Erwachsene in der EU<\/strong> steht. In inspirierenden Keynotes sprechen Expertinnen und Experten aus <strong data-start=\"433\" data-end=\"459\">Politik und Wirtschaft<\/strong> \u00fcber Perspektiven, M\u00f6glichkeiten und Herausforderungen, die Europa f\u00fcr die junge Generation bereith\u00e4lt.<\/p><p class=\"\" data-start=\"565\" data-end=\"914\">Im Anschluss an die Vortr\u00e4ge findet eine <strong data-start=\"606\" data-end=\"619\">Infomesse<\/strong> statt, bei der sich <strong data-start=\"640\" data-end=\"700\">verschiedene Unternehmen, Organisationen und Initiativen<\/strong> an Infost\u00e4nden pr\u00e4sentieren. Dort kannst du dich \u00fcber <strong data-start=\"755\" data-end=\"836\">Karrierewege, Ausbildungen, Praktika sowie Engagement- und Austauschprogramme<\/strong> informieren und direkt mit Vertreterinnen und Vertretern ins Gespr\u00e4ch kommen.<\/p><p class=\"\" data-start=\"916\" data-end=\"1118\">Das Event wird im Rahmen von <strong data-start=\"945\" data-end=\"957\">Erasmus+<\/strong> gef\u00f6rdert und bietet Jugendlichen die Gelegenheit, sich zu vernetzen, Fragen zu stellen und neue Impulse f\u00fcr ihre pers\u00f6nliche und berufliche Zukunft zu sammeln.<\/p>\t\t\t\t\t\t\t\t<\/div>\n\t\t\t\t<\/div>\n\t\t\t\t<div class=\"elementor-element elementor-element-30d4170 elementor-widget elementor-widget-html\" data-id=\"30d4170\" data-element_type=\"widget\" data-widget_type=\"html.default\">\n\t\t\t\t<div class=\"elementor-widget-container\">\n\t\t\t\t\t<iframe width=\"560\" height=\"315\" src=\"https:\/\/www.youtube.com\/embed\/8a03FHMpkKo?si=lws-9L0rKCUaaDvk\" title=\"YouTube video player\" frameborder=\"0\" allow=\"accelerometer; autoplay; clipboard-write; encrypted-media; gyroscope; picture-in-picture; web-share\" referrerpolicy=\"strict-origin-when-cross-origin\" allowfullscreen><\/iframe>\t\t\t\t<\/div>\n\t\t\t\t<\/div>\n\t\t\t\t<div class=\"elementor-element elementor-element-0116453 elementor-widget elementor-widget-heading\" data-id=\"0116453\" data-element_type=\"widget\" data-widget_type=\"heading.default\">\n\t\t\t\t<div class=\"elementor-widget-container\">\n\t\t\t\t\t<h2 class=\"elementor-heading-title elementor-size-default\">Die Speaker<\/h2>\t\t\t\t<\/div>\n\t\t\t\t<\/div>\n\t\t\t\t\t<\/div>\n\t\t\t\t<\/div>\n\t\t<div class=\"elementor-element elementor-element-aadb49f e-grid e-con-boxed wpr-particle-no wpr-jarallax-no wpr-parallax-no wpr-sticky-section-no e-con e-parent\" data-id=\"aadb49f\" data-element_type=\"container\">\n\t\t\t\t\t<div class=\"e-con-inner\">\n\t\t\t\t<div class=\"elementor-element elementor-element-7ae30fe elementor-widget elementor-widget-image\" data-id=\"7ae30fe\" data-element_type=\"widget\" data-widget_type=\"image.default\">\n\t\t\t\t<div class=\"elementor-widget-container\">\n\t\t\t\t\t\t\t\t\t\t\t\t<figure class=\"wp-caption\">\n\t\t\t\t\t\t\t\t\t\t<img decoding=\"async\" width=\"740\" height=\"1024\" src=\"https:\/\/speakerevent-erasmus.schuelerunion.at\/wp-content\/uploads\/2025\/04\/Portrait-Markus-Reisner-740x1024.jpg\" class=\"attachment-large size-large wp-image-102\" alt=\"\" srcset=\"https:\/\/speakerevent-erasmus.schuelerunion.at\/wp-content\/uploads\/2025\/04\/Portrait-Markus-Reisner-740x1024.jpg 740w, https:\/\/speakerevent-erasmus.schuelerunion.at\/wp-content\/uploads\/2025\/04\/Portrait-Markus-Reisner-217x300.jpg 217w, https:\/\/speakerevent-erasmus.schuelerunion.at\/wp-content\/uploads\/2025\/04\/Portrait-Markus-Reisner-768x1063.jpg 768w, https:\/\/speakerevent-erasmus.schuelerunion.at\/wp-content\/uploads\/2025\/04\/Portrait-Markus-Reisner-1109x1536.jpg 1109w, https:\/\/speakerevent-erasmus.schuelerunion.at\/wp-content\/uploads\/2025\/04\/Portrait-Markus-Reisner-1479x2048.jpg 1479w, https:\/\/speakerevent-erasmus.schuelerunion.at\/wp-content\/uploads\/2025\/04\/Portrait-Markus-Reisner-scaled.jpg 1849w\" sizes=\"(max-width: 740px) 100vw, 740px\" \/>\t\t\t\t\t\t\t\t\t\t\t<figcaption class=\"widget-image-caption wp-caption-text\">Dr. Markus Reisner, PdD<\/figcaption>\n\t\t\t\t\t\t\t\t\t\t<\/figure>\n\t\t\t\t\t\t\t\t\t<\/div>\n\t\t\t\t<\/div>\n\t\t\t\t<div class=\"elementor-element elementor-element-bb13c3b elementor-widget elementor-widget-image\" data-id=\"bb13c3b\" data-element_type=\"widget\" data-widget_type=\"image.default\">\n\t\t\t\t<div class=\"elementor-widget-container\">\n\t\t\t\t\t\t\t\t\t\t\t\t<figure class=\"wp-caption\">\n\t\t\t\t\t\t\t\t\t\t<img decoding=\"async\" width=\"300\" height=\"400\" src=\"https:\/\/speakerevent-erasmus.schuelerunion.at\/wp-content\/uploads\/2025\/04\/portrait_claudia_plakolm.jpg\" class=\"attachment-large size-large wp-image-123\" alt=\"\" srcset=\"https:\/\/speakerevent-erasmus.schuelerunion.at\/wp-content\/uploads\/2025\/04\/portrait_claudia_plakolm.jpg 300w, https:\/\/speakerevent-erasmus.schuelerunion.at\/wp-content\/uploads\/2025\/04\/portrait_claudia_plakolm-225x300.jpg 225w\" sizes=\"(max-width: 300px) 100vw, 300px\" \/>\t\t\t\t\t\t\t\t\t\t\t<figcaption class=\"widget-image-caption wp-caption-text\">Claudia Plakolm<\/figcaption>\n\t\t\t\t\t\t\t\t\t\t<\/figure>\n\t\t\t\t\t\t\t\t\t<\/div>\n\t\t\t\t<\/div>\n\t\t\t\t<div class=\"elementor-element elementor-element-8f64c66 elementor-widget elementor-widget-image\" data-id=\"8f64c66\" data-element_type=\"widget\" data-widget_type=\"image.default\">\n\t\t\t\t<div class=\"elementor-widget-container\">\n\t\t\t\t\t\t\t\t\t\t\t\t<figure class=\"wp-caption\">\n\t\t\t\t\t\t\t\t\t\t<img loading=\"lazy\" decoding=\"async\" width=\"800\" height=\"998\" src=\"https:\/\/speakerevent-erasmus.schuelerunion.at\/wp-content\/uploads\/2025\/04\/Geieregger-2-e1744892964374-821x1024.jpg\" class=\"attachment-large size-large wp-image-94\" alt=\"\" srcset=\"https:\/\/speakerevent-erasmus.schuelerunion.at\/wp-content\/uploads\/2025\/04\/Geieregger-2-e1744892964374-821x1024.jpg 821w, https:\/\/speakerevent-erasmus.schuelerunion.at\/wp-content\/uploads\/2025\/04\/Geieregger-2-e1744892964374-241x300.jpg 241w, https:\/\/speakerevent-erasmus.schuelerunion.at\/wp-content\/uploads\/2025\/04\/Geieregger-2-e1744892964374-768x958.jpg 768w, https:\/\/speakerevent-erasmus.schuelerunion.at\/wp-content\/uploads\/2025\/04\/Geieregger-2-e1744892964374.jpg 1215w\" sizes=\"(max-width: 800px) 100vw, 800px\" \/>\t\t\t\t\t\t\t\t\t\t\t<figcaption class=\"widget-image-caption wp-caption-text\">Bernadette Geieregger, BA<\/figcaption>\n\t\t\t\t\t\t\t\t\t\t<\/figure>\n\t\t\t\t\t\t\t\t\t<\/div>\n\t\t\t\t<\/div>\n\t\t\t\t<div class=\"elementor-element elementor-element-25ff6c1 elementor-widget elementor-widget-image\" data-id=\"25ff6c1\" data-element_type=\"widget\" data-widget_type=\"image.default\">\n\t\t\t\t<div class=\"elementor-widget-container\">\n\t\t\t\t\t\t\t\t\t\t\t\t<figure class=\"wp-caption\">\n\t\t\t\t\t\t\t\t\t\t<img loading=\"lazy\" decoding=\"async\" width=\"736\" height=\"1024\" src=\"https:\/\/speakerevent-erasmus.schuelerunion.at\/wp-content\/uploads\/2025\/04\/WhatsApp-Bild-2025-04-29-um-19.36.40_5a1843d9-e1745948295246-736x1024.jpg\" class=\"attachment-large size-large wp-image-110\" alt=\"\" srcset=\"https:\/\/speakerevent-erasmus.schuelerunion.at\/wp-content\/uploads\/2025\/04\/WhatsApp-Bild-2025-04-29-um-19.36.40_5a1843d9-e1745948295246-736x1024.jpg 736w, https:\/\/speakerevent-erasmus.schuelerunion.at\/wp-content\/uploads\/2025\/04\/WhatsApp-Bild-2025-04-29-um-19.36.40_5a1843d9-e1745948295246-216x300.jpg 216w, https:\/\/speakerevent-erasmus.schuelerunion.at\/wp-content\/uploads\/2025\/04\/WhatsApp-Bild-2025-04-29-um-19.36.40_5a1843d9-e1745948295246-768x1068.jpg 768w, https:\/\/speakerevent-erasmus.schuelerunion.at\/wp-content\/uploads\/2025\/04\/WhatsApp-Bild-2025-04-29-um-19.36.40_5a1843d9-e1745948295246.jpg 1066w\" sizes=\"(max-width: 736px) 100vw, 736px\" \/>\t\t\t\t\t\t\t\t\t\t\t<figcaption class=\"widget-image-caption wp-caption-text\">Maria Steiner<\/figcaption>\n\t\t\t\t\t\t\t\t\t\t<\/figure>\n\t\t\t\t\t\t\t\t\t<\/div>\n\t\t\t\t<\/div>\n\t\t\t\t<div class=\"elementor-element elementor-element-3eafa9a elementor-widget elementor-widget-image\" data-id=\"3eafa9a\" data-element_type=\"widget\" data-widget_type=\"image.default\">\n\t\t\t\t<div class=\"elementor-widget-container\">\n\t\t\t\t\t\t\t\t\t\t\t\t<figure class=\"wp-caption\">\n\t\t\t\t\t\t\t\t\t\t<img loading=\"lazy\" decoding=\"async\" width=\"375\" height=\"500\" src=\"https:\/\/speakerevent-erasmus.schuelerunion.at\/wp-content\/uploads\/2025\/04\/20154674_500.jpg\" class=\"attachment-large size-large wp-image-71\" alt=\"\" srcset=\"https:\/\/speakerevent-erasmus.schuelerunion.at\/wp-content\/uploads\/2025\/04\/20154674_500.jpg 375w, https:\/\/speakerevent-erasmus.schuelerunion.at\/wp-content\/uploads\/2025\/04\/20154674_500-225x300.jpg 225w\" sizes=\"(max-width: 375px) 100vw, 375px\" \/>\t\t\t\t\t\t\t\t\t\t\t<figcaption class=\"widget-image-caption wp-caption-text\">Christoph Wiederkehr, MA<\/figcaption>\n\t\t\t\t\t\t\t\t\t\t<\/figure>\n\t\t\t\t\t\t\t\t\t<\/div>\n\t\t\t\t<\/div>\n\t\t\t\t<div class=\"elementor-element elementor-element-1781125 elementor-widget elementor-widget-image\" data-id=\"1781125\" data-element_type=\"widget\" data-widget_type=\"image.default\">\n\t\t\t\t<div class=\"elementor-widget-container\">\n\t\t\t\t\t\t\t\t\t\t\t\t<figure class=\"wp-caption\">\n\t\t\t\t\t\t\t\t\t\t<img loading=\"lazy\" decoding=\"async\" width=\"213\" height=\"320\" src=\"https:\/\/speakerevent-erasmus.schuelerunion.at\/wp-content\/uploads\/2025\/04\/unnamed.jpg\" class=\"attachment-large size-large wp-image-95\" alt=\"\" srcset=\"https:\/\/speakerevent-erasmus.schuelerunion.at\/wp-content\/uploads\/2025\/04\/unnamed.jpg 213w, https:\/\/speakerevent-erasmus.schuelerunion.at\/wp-content\/uploads\/2025\/04\/unnamed-200x300.jpg 200w\" sizes=\"(max-width: 213px) 100vw, 213px\" \/>\t\t\t\t\t\t\t\t\t\t\t<figcaption class=\"widget-image-caption wp-caption-text\">Univ.-Prof. Dr. Patrick M\u00fcller, PD MA<\/figcaption>\n\t\t\t\t\t\t\t\t\t\t<\/figure>\n\t\t\t\t\t\t\t\t\t<\/div>\n\t\t\t\t<\/div>\n\t\t\t\t\t<\/div>\n\t\t\t\t<\/div>\n\t\t<div class=\"elementor-element elementor-element-faec673 e-grid e-con-boxed wpr-particle-no wpr-jarallax-no wpr-parallax-no wpr-sticky-section-no e-con e-parent\" data-id=\"faec673\" data-element_type=\"container\">\n\t\t\t\t\t<div class=\"e-con-inner\">\n\t\t\t\t<div class=\"elementor-element elementor-element-d3283f1 elementor-widget elementor-widget-image\" data-id=\"d3283f1\" data-element_type=\"widget\" data-widget_type=\"image.default\">\n\t\t\t\t<div class=\"elementor-widget-container\">\n\t\t\t\t\t\t\t\t\t\t\t\t<figure class=\"wp-caption\">\n\t\t\t\t\t\t\t\t\t\t<img loading=\"lazy\" decoding=\"async\" width=\"194\" height=\"231\" src=\"https:\/\/speakerevent-erasmus.schuelerunion.at\/wp-content\/uploads\/2025\/04\/OEGfE_Schmidt_2018_03-e1744812988210.jpeg\" class=\"attachment-large size-large wp-image-76\" alt=\"\" \/>\t\t\t\t\t\t\t\t\t\t\t<figcaption class=\"widget-image-caption wp-caption-text\">Mag. Paul Schmidt<\/figcaption>\n\t\t\t\t\t\t\t\t\t\t<\/figure>\n\t\t\t\t\t\t\t\t\t<\/div>\n\t\t\t\t<\/div>\n\t\t\t\t\t<\/div>\n\t\t\t\t<\/div>\n\t\t<div class=\"elementor-element elementor-element-5095083 e-flex e-con-boxed wpr-particle-no wpr-jarallax-no wpr-parallax-no wpr-sticky-section-no e-con e-parent\" data-id=\"5095083\" data-element_type=\"container\">\n\t\t\t\t\t<div class=\"e-con-inner\">\n\t\t\t\t<div class=\"elementor-element elementor-element-dcbe5cf elementor-widget elementor-widget-heading\" data-id=\"dcbe5cf\" data-element_type=\"widget\" data-widget_type=\"heading.default\">\n\t\t\t\t<div class=\"elementor-widget-container\">\n\t\t\t\t\t<h2 class=\"elementor-heading-title elementor-size-default\">Bei Fragen, gerne melden!<\/h2>\t\t\t\t<\/div>\n\t\t\t\t<\/div>\n\t\t\t\t<div class=\"elementor-element elementor-element-bf4c73d wpr-step-type-number_text wpr-step-content-layout-vertical wpr-custom-styles-yes elementor-widget elementor-widget-wpr-form-builder\" data-id=\"bf4c73d\" data-element_type=\"widget\" data-settings=\"{&quot;success_message&quot;:&quot;Submission successful&quot;,&quot;error_message&quot;:&quot;Submission failed&quot;,&quot;button_width&quot;:{&quot;unit&quot;:&quot;%&quot;,&quot;size&quot;:100,&quot;sizes&quot;:[]},&quot;button_width_tablet&quot;:{&quot;unit&quot;:&quot;px&quot;,&quot;size&quot;:&quot;&quot;,&quot;sizes&quot;:[]},&quot;button_width_mobile&quot;:{&quot;unit&quot;:&quot;px&quot;,&quot;size&quot;:&quot;&quot;,&quot;sizes&quot;:[]},&quot;step_type&quot;:&quot;number_text&quot;,&quot;step_content_layout&quot;:&quot;vertical&quot;}\" data-widget_type=\"wpr-form-builder.default\">\n\t\t\t\t<div class=\"elementor-widget-container\">\n\t\t\t\t\t\t\t<form class=\"wpr-form\" method=\"post\" name=\"Kontaktformular\" page=\"Startseite\" page_id=\"38\" novalidate>\n\t\t\t<input type=\"hidden\" name=\"post_id\" value=\"38\"\/>\n\t\t\t<input type=\"hidden\" name=\"form_id\" value=\"bf4c73d\"\/>\n\t\t\t<input type=\"hidden\" name=\"referer_title\" value=\"\" \/>\n\n\t\t\t<div class=\"wpr-step-wrap\"><\/div>\n\t\t\t<div class=\"wpr-form-fields-wrap wpr-labels-above\">\n\t\t\t\t\t\t\t\t\t<div class=\"wpr-form-field-type-text wpr-field-group wpr-column wpr-field-group-name elementor-repeater-item-1fc884a\">\n\t\t\t\t\t\t\t\t\t\t\t\t\t\t<label for=\"form-field-name\" class=\"wpr-form-field-label\">\n\t\t\t\t\t\t\t\t\tName\t\t\t\t\t\t\t\t<\/label>\n\t\t\t\t\t\t\t<input size=\"1 \"type=\"text\" name=\"form_fields[name]\" id=\"form-field-name\" class=\"wpr-form-field  wpr-form-field-textual\" placeholder=\"Name\">\t\t\t\t\t<\/div>\n\t\t\t\t\t\t\t\t\t<div class=\"wpr-form-field-type-email wpr-field-group wpr-column wpr-field-group-email elementor-repeater-item-8caf825 wpr-form-field-required wpr-required-mark\">\n\t\t\t\t\t\t\t\t\t\t\t\t\t\t<label for=\"form-field-email\" class=\"wpr-form-field-label\">\n\t\t\t\t\t\t\t\t\tEmail\t\t\t\t\t\t\t\t<\/label>\n\t\t\t\t\t\t\t<input size=\"1 \"type=\"email\" name=\"form_fields[email]\" id=\"form-field-email\" class=\"wpr-form-field  wpr-form-field-textual\" placeholder=\"Email\" required=\"required\" aria-required=\"true\">\t\t\t\t\t<\/div>\n\t\t\t\t\t\t\t\t\t<div class=\"wpr-form-field-type-textarea wpr-field-group wpr-column wpr-field-group-message elementor-repeater-item-0ed9dd3\">\n\t\t\t\t\t\t\t\t\t\t\t\t\t\t<label for=\"form-field-message\" class=\"wpr-form-field-label\">\n\t\t\t\t\t\t\t\t\tMessage\t\t\t\t\t\t\t\t<\/label>\n\t\t\t\t\t\t\t<textarea class=\"wpr-form-field-textual wpr-form-field \" name=\"form_fields[message]\" id=\"form-field-message\" rows=\"7\" placeholder=\"Message\"><\/textarea>\t\t\t\t\t<\/div>\n\t\t\t\t<div class=\"wpr-field-group wpr-stp-btns-wrap wpr-column wpr-form-field-type-submit\" data-actions=\"[&quot;email&quot;]\" data-redirect-url=\"\" data-mailchimp-fields=\"{&quot;email_field&quot;:&quot;&quot;,&quot;first_name_field&quot;:&quot;&quot;,&quot;last_name_field&quot;:&quot;&quot;,&quot;address_field&quot;:&quot;&quot;,&quot;phone_field&quot;:&quot;&quot;,&quot;birthday_field&quot;:&quot;&quot;,&quot;group_id&quot;:&quot;&quot;}\" data-list-id=\"\">\t\t\t<button type=\"submit\" class=\"wpr-button\">\n\t\t\t\t<span >\n\t\t\t\t\t\t\t\t\t\t\t\t\t\t\t\t<span>Senden<\/span>\n\t\t\t\t\t\t\t\t\t\t\t\t\t\t<\/span>\t\n\t\t\t\t<div class=\"wpr-double-bounce wpr-loader-hidden\">\n\t\t\t\t\t<div class=\"wpr-child wpr-double-bounce1\"><\/div>\n\t\t\t\t\t<div class=\"wpr-child wpr-double-bounce2\"><\/div>\n\t\t\t\t<\/div>\n\t\t\t<\/button>\n\t\t<\/div>\t\t\t\t\n\t\t\t<\/div>\n\t\t<\/form>\n\t  \t\t\t\t<\/div>\n\t\t\t\t<\/div>\n\t\t\t\t\t<\/div>\n\t\t\t\t<\/div>\n\t\t\t\t<\/div>\n\t\t","protected":false},"excerpt":{"rendered":"<p>Speaker-Event der Sch\u00fclerunion \u00d6sterreich \u2013 Deine Zukunft in Europa Am 09. Mai l\u00e4dt die Sch\u00fclerunion \u00d6sterreich zu einem besonderen Speaker-Event ein, das ganz im Zeichen der Chancen f\u00fcr Jugendliche und junge Erwachsene in der EU steht. In inspirierenden Keynotes sprechen Expertinnen und Experten aus Politik und Wirtschaft \u00fcber Perspektiven, M\u00f6glichkeiten und Herausforderungen, die Europa f\u00fcr die junge Generation bereith\u00e4lt. Im Anschluss an die Vortr\u00e4ge findet eine Infomesse statt, bei der sich verschiedene Unternehmen, Organisationen und Initiativen an Infost\u00e4nden pr\u00e4sentieren. Dort kannst du dich \u00fcber Karrierewege, Ausbildungen, Praktika sowie Engagement- und Austauschprogramme informieren und direkt mit Vertreterinnen und Vertretern ins Gespr\u00e4ch kommen. Das Event wird im Rahmen von Erasmus+ gef\u00f6rdert und bietet Jugendlichen die Gelegenheit, sich zu vernetzen, Fragen zu stellen und neue Impulse f\u00fcr ihre pers\u00f6nliche und berufliche Zukunft zu sammeln. Die Speaker Dr. Markus Reisner, PdD Claudia Plakolm Bernadette Geieregger, BA Maria Steiner Christoph Wiederkehr, MA Univ.-Prof. Dr. Patrick M\u00fcller, PD MA Mag. Paul Schmidt Bei Fragen, gerne melden! Name Email Message Senden<\/p>\n","protected":false},"author":2,"featured_media":0,"parent":0,"menu_order":0,"comment_status":"closed","ping_status":"closed","template":"","meta":{"footnotes":""},"class_list":["post-38","page","type-page","status-publish","hentry"],"_links":{"self":[{"href":"https:\/\/speakerevent-erasmus.schuelerunion.at\/startseite\/wp-json\/wp\/v2\/pages\/38","targetHints":{"allow":["GET"]}}],"collection":[{"href":"https:\/\/speakerevent-erasmus.schuelerunion.at\/startseite\/wp-json\/wp\/v2\/pages"}],"about":[{"href":"https:\/\/speakerevent-erasmus.schuelerunion.at\/startseite\/wp-json\/wp\/v2\/types\/page"}],"author":[{"embeddable":true,"href":"https:\/\/speakerevent-erasmus.schuelerunion.at\/startseite\/wp-json\/wp\/v2\/users\/2"}],"replies":[{"embeddable":true,"href":"https:\/\/speakerevent-erasmus.schuelerunion.at\/startseite\/wp-json\/wp\/v2\/comments?post=38"}],"version-history":[{"count":10,"href":"https:\/\/speakerevent-erasmus.schuelerunion.at\/startseite\/wp-json\/wp\/v2\/pages\/38\/revisions"}],"predecessor-version":[{"id":139,"href":"https:\/\/speakerevent-erasmus.schuelerunion.at\/startseite\/wp-json\/wp\/v2\/pages\/38\/revisions\/139"}],"wp:attachment":[{"href":"https:\/\/speakerevent-erasmus.schuelerunion.at\/startseite\/wp-json\/wp\/v2\/media?parent=38"}],"curies":[{"name":"wp","href":"https:\/\/api.w.org\/{rel}","templated":true}]}}