{"id":53,"date":"2025-03-26T17:46:22","date_gmt":"2025-03-26T16:46:22","guid":{"rendered":"https:\/\/speakerevent-erasmus.schuelerunion.at\/?page_id=53"},"modified":"2025-03-26T17:48:57","modified_gmt":"2025-03-26T16:48:57","slug":"disclaimer","status":"publish","type":"page","link":"https:\/\/speakerevent-erasmus.schuelerunion.at\/startseite\/disclaimer\/","title":{"rendered":"Disclaimer"},"content":{"rendered":"\t\t<div data-elementor-type=\"wp-page\" data-elementor-id=\"53\" class=\"elementor elementor-53\">\n\t\t\t\t<div class=\"elementor-element elementor-element-0eb5770 e-flex e-con-boxed wpr-particle-no wpr-jarallax-no wpr-parallax-no wpr-sticky-section-no e-con e-parent\" data-id=\"0eb5770\" data-element_type=\"container\">\n\t\t\t\t\t<div class=\"e-con-inner\">\n\t\t\t\t<div class=\"elementor-element elementor-element-fbc6ed0 elementor-widget elementor-widget-text-editor\" data-id=\"fbc6ed0\" data-element_type=\"widget\" data-widget_type=\"text-editor.default\">\n\t\t\t\t<div class=\"elementor-widget-container\">\n\t\t\t\t\t\t\t\t\t<p><i>Von der Europ\u00e4ischen Union finanziert. Die ge\u00e4u\u00dferten Ansichten und Meinungen entsprechen jedoch ausschlie\u00dflich denen des Autors bzw. der Autoren und spiegeln nicht zwingend die der Europ\u00e4ischen Union oder der OeAD-GmbH wider. Weder die Europ\u00e4ische Union noch die OeAD-GmbH k\u00f6nnen daf\u00fcr verantwortlich gemacht werden.<\/i><\/p><p>\u00a0<\/p><p><i>\u201eFunded by the European Union. Views and opinions expressed are however those of the author(s) only and do not necessarily reflect those of the European Union or OeAD-GmbH. Neither the European Union nor the granting authority can be held responsible for them.\u201c<\/i><\/p>\t\t\t\t\t\t\t\t<\/div>\n\t\t\t\t<\/div>\n\t\t\t\t\t<\/div>\n\t\t\t\t<\/div>\n\t\t\t\t<\/div>\n\t\t","protected":false},"excerpt":{"rendered":"<p>Von der Europ\u00e4ischen Union finanziert. Die ge\u00e4u\u00dferten Ansichten und Meinungen entsprechen jedoch ausschlie\u00dflich denen des Autors bzw. der Autoren und spiegeln nicht zwingend die der Europ\u00e4ischen Union oder der OeAD-GmbH wider. Weder die Europ\u00e4ische Union noch die OeAD-GmbH k\u00f6nnen daf\u00fcr verantwortlich gemacht werden. \u00a0 \u201eFunded by the European Union. Views and opinions expressed are however those of the author(s) only and do not necessarily reflect those of the European Union or OeAD-GmbH. Neither the European Union nor the granting authority can be held responsible for them.\u201c<\/p>\n","protected":false},"author":2,"featured_media":0,"parent":0,"menu_order":0,"comment_status":"closed","ping_status":"closed","template":"","meta":{"footnotes":""},"class_list":["post-53","page","type-page","status-publish","hentry"],"_links":{"self":[{"href":"https:\/\/speakerevent-erasmus.schuelerunion.at\/startseite\/wp-json\/wp\/v2\/pages\/53","targetHints":{"allow":["GET"]}}],"collection":[{"href":"https:\/\/speakerevent-erasmus.schuelerunion.at\/startseite\/wp-json\/wp\/v2\/pages"}],"about":[{"href":"https:\/\/speakerevent-erasmus.schuelerunion.at\/startseite\/wp-json\/wp\/v2\/types\/page"}],"author":[{"embeddable":true,"href":"https:\/\/speakerevent-erasmus.schuelerunion.at\/startseite\/wp-json\/wp\/v2\/users\/2"}],"replies":[{"embeddable":true,"href":"https:\/\/speakerevent-erasmus.schuelerunion.at\/startseite\/wp-json\/wp\/v2\/comments?post=53"}],"version-history":[{"count":4,"href":"https:\/\/speakerevent-erasmus.schuelerunion.at\/startseite\/wp-json\/wp\/v2\/pages\/53\/revisions"}],"predecessor-version":[{"id":57,"href":"https:\/\/speakerevent-erasmus.schuelerunion.at\/startseite\/wp-json\/wp\/v2\/pages\/53\/revisions\/57"}],"wp:attachment":[{"href":"https:\/\/speakerevent-erasmus.schuelerunion.at\/startseite\/wp-json\/wp\/v2\/media?parent=53"}],"curies":[{"name":"wp","href":"https:\/\/api.w.org\/{rel}","templated":true}]}}